{"id":2,"date":"2024-12-02T13:37:06","date_gmt":"2024-12-02T10:37:06","guid":{"rendered":"https:\/\/demo.webcodeon.com.tr\/basat\/?page_id=2"},"modified":"2024-12-18T13:18:39","modified_gmt":"2024-12-18T10:18:39","slug":"ana-sayfa","status":"publish","type":"page","link":"https:\/\/demo.webcodeon.com.tr\/basat\/","title":{"rendered":"Ana Sayfa"},"content":{"rendered":"\t\t<div data-elementor-type=\"wp-page\" data-elementor-id=\"2\" class=\"elementor elementor-2\" data-elementor-post-type=\"page\">\n\t\t\t\t<div class=\"elementor-element elementor-element-f7cb697 e-con-full e-flex e-con e-parent\" data-id=\"f7cb697\" data-element_type=\"container\">\n\t\t\t\t<div class=\"elementor-element elementor-element-11d8970 elementor-widget elementor-widget-image-carousel\" data-id=\"11d8970\" data-element_type=\"widget\" data-settings=\"{&quot;slides_to_show&quot;:&quot;1&quot;,&quot;slides_to_show_mobile&quot;:&quot;1&quot;,&quot;navigation&quot;:&quot;none&quot;,&quot;autoplay&quot;:&quot;yes&quot;,&quot;pause_on_hover&quot;:&quot;yes&quot;,&quot;pause_on_interaction&quot;:&quot;yes&quot;,&quot;autoplay_speed&quot;:5000,&quot;infinite&quot;:&quot;yes&quot;,&quot;effect&quot;:&quot;slide&quot;,&quot;speed&quot;:500}\" data-widget_type=\"image-carousel.default\">\n\t\t\t\t<div class=\"elementor-widget-container\">\n\t\t\t\t\t\t\t<div class=\"elementor-image-carousel-wrapper swiper\" role=\"region\" aria-roledescription=\"carousel\" aria-label=\"Resim D\u00f6ng\u00fcs\u00fc\" dir=\"ltr\">\n\t\t\t<div class=\"elementor-image-carousel swiper-wrapper swiper-image-stretch\" aria-live=\"off\">\n\t\t\t\t\t\t\t\t<div class=\"swiper-slide\" role=\"group\" aria-roledescription=\"slide\" aria-label=\"1 \/ 3\"><figure class=\"swiper-slide-inner\"><img decoding=\"async\" class=\"swiper-slide-image\" src=\"https:\/\/demo.webcodeon.com.tr\/basat\/wp-content\/uploads\/2024\/12\/slider-1850x730-1.png\" alt=\"slider-1850x730\" \/><\/figure><\/div><div class=\"swiper-slide\" role=\"group\" aria-roledescription=\"slide\" aria-label=\"2 \/ 3\"><figure class=\"swiper-slide-inner\"><img decoding=\"async\" class=\"swiper-slide-image\" src=\"https:\/\/demo.webcodeon.com.tr\/basat\/wp-content\/uploads\/2024\/12\/slider-2-1850x730-1.png\" alt=\"slider-2-1850x730\" \/><\/figure><\/div><div class=\"swiper-slide\" role=\"group\" aria-roledescription=\"slide\" aria-label=\"3 \/ 3\"><figure class=\"swiper-slide-inner\"><img decoding=\"async\" class=\"swiper-slide-image\" src=\"https:\/\/demo.webcodeon.com.tr\/basat\/wp-content\/uploads\/2024\/12\/slider-3-1850x730-1.png\" alt=\"slider-3-1850x730\" \/><\/figure><\/div>\t\t\t<\/div>\n\t\t\t\t\t\t\t\n\t\t\t\t\t\t\t\t\t<\/div>\n\t\t\t\t\t\t<\/div>\n\t\t\t\t<\/div>\n\t\t\t\t<\/div>\n\t\t<div class=\"elementor-element elementor-element-48d28771 e-flex e-con-boxed e-con e-parent\" data-id=\"48d28771\" data-element_type=\"container\">\n\t\t\t\t\t<div class=\"e-con-inner\">\n\t\t\t\t<div class=\"elementor-element elementor-element-2caccecc elementor-widget elementor-widget-image-carousel\" data-id=\"2caccecc\" data-element_type=\"widget\" data-settings=\"{&quot;slides_to_show&quot;:&quot;5&quot;,&quot;slides_to_show_tablet&quot;:&quot;4&quot;,&quot;slides_to_show_mobile&quot;:&quot;2&quot;,&quot;slides_to_scroll&quot;:&quot;1&quot;,&quot;navigation&quot;:&quot;none&quot;,&quot;lazyload&quot;:&quot;yes&quot;,&quot;autoplay_speed&quot;:1500,&quot;speed&quot;:1500,&quot;image_spacing_custom&quot;:{&quot;unit&quot;:&quot;px&quot;,&quot;size&quot;:21,&quot;sizes&quot;:[]},&quot;slides_to_scroll_tablet&quot;:&quot;1&quot;,&quot;slides_to_scroll_mobile&quot;:&quot;1&quot;,&quot;autoplay&quot;:&quot;yes&quot;,&quot;pause_on_hover&quot;:&quot;yes&quot;,&quot;pause_on_interaction&quot;:&quot;yes&quot;,&quot;infinite&quot;:&quot;yes&quot;,&quot;image_spacing_custom_tablet&quot;:{&quot;unit&quot;:&quot;px&quot;,&quot;size&quot;:&quot;&quot;,&quot;sizes&quot;:[]},&quot;image_spacing_custom_mobile&quot;:{&quot;unit&quot;:&quot;px&quot;,&quot;size&quot;:&quot;&quot;,&quot;sizes&quot;:[]}}\" data-widget_type=\"image-carousel.default\">\n\t\t\t\t<div class=\"elementor-widget-container\">\n\t\t\t\t\t\t\t<div class=\"elementor-image-carousel-wrapper swiper\" role=\"region\" aria-roledescription=\"carousel\" aria-label=\"Resim D\u00f6ng\u00fcs\u00fc\" dir=\"ltr\">\n\t\t\t<div class=\"elementor-image-carousel swiper-wrapper\" aria-live=\"off\">\n\t\t\t\t\t\t\t\t<div class=\"swiper-slide\" role=\"group\" aria-roledescription=\"slide\" aria-label=\"1 \/ 6\"><figure class=\"swiper-slide-inner\"><img class=\"swiper-slide-image swiper-lazy\" data-src=\"https:\/\/demo.webcodeon.com.tr\/basat\/wp-content\/uploads\/2024\/12\/beyPilic.jpg\" alt=\"beyPilic\" \/><div class=\"swiper-lazy-preloader\"><\/div><\/figure><\/div><div class=\"swiper-slide\" role=\"group\" aria-roledescription=\"slide\" aria-label=\"2 \/ 6\"><figure class=\"swiper-slide-inner\"><img class=\"swiper-slide-image swiper-lazy\" data-src=\"https:\/\/demo.webcodeon.com.tr\/basat\/wp-content\/uploads\/2024\/12\/ord.jpg\" alt=\"ord\" \/><div class=\"swiper-lazy-preloader\"><\/div><\/figure><\/div><div class=\"swiper-slide\" role=\"group\" aria-roledescription=\"slide\" aria-label=\"3 \/ 6\"><figure class=\"swiper-slide-inner\"><img class=\"swiper-slide-image swiper-lazy\" data-src=\"https:\/\/demo.webcodeon.com.tr\/basat\/wp-content\/uploads\/2024\/12\/plc.jpg\" alt=\"plc\" \/><div class=\"swiper-lazy-preloader\"><\/div><\/figure><\/div><div class=\"swiper-slide\" role=\"group\" aria-roledescription=\"slide\" aria-label=\"4 \/ 6\"><figure class=\"swiper-slide-inner\"><img class=\"swiper-slide-image swiper-lazy\" data-src=\"https:\/\/demo.webcodeon.com.tr\/basat\/wp-content\/uploads\/2024\/12\/ymt.jpg\" alt=\"ymt\" \/><div class=\"swiper-lazy-preloader\"><\/div><\/figure><\/div><div class=\"swiper-slide\" role=\"group\" aria-roledescription=\"slide\" aria-label=\"5 \/ 6\"><figure class=\"swiper-slide-inner\"><img class=\"swiper-slide-image swiper-lazy\" data-src=\"https:\/\/demo.webcodeon.com.tr\/basat\/wp-content\/uploads\/2024\/12\/trk-logo.png\" alt=\"trk-logo\" \/><div class=\"swiper-lazy-preloader\"><\/div><\/figure><\/div><div class=\"swiper-slide\" role=\"group\" aria-roledescription=\"slide\" aria-label=\"6 \/ 6\"><figure class=\"swiper-slide-inner\"><img class=\"swiper-slide-image swiper-lazy\" data-src=\"https:\/\/demo.webcodeon.com.tr\/basat\/wp-content\/uploads\/2024\/12\/fff-logo.png\" alt=\"fff-logo\" \/><div class=\"swiper-lazy-preloader\"><\/div><\/figure><\/div>\t\t\t<\/div>\n\t\t\t\t\t\t\t\n\t\t\t\t\t\t\t\t\t<\/div>\n\t\t\t\t\t\t<\/div>\n\t\t\t\t<\/div>\n\t\t\t\t\t<\/div>\n\t\t\t\t<\/div>\n\t\t<div class=\"elementor-element elementor-element-62286621 e-flex e-con-boxed e-con e-parent\" data-id=\"62286621\" data-element_type=\"container\">\n\t\t\t\t\t<div class=\"e-con-inner\">\n\t\t<div class=\"elementor-element elementor-element-95301f5 e-con-full e-flex e-con e-child\" data-id=\"95301f5\" data-element_type=\"container\">\n\t\t\t\t<div class=\"elementor-element elementor-element-1f7baed6 elementor-widget elementor-widget-heading\" data-id=\"1f7baed6\" data-element_type=\"widget\" data-widget_type=\"heading.default\">\n\t\t\t\t<div class=\"elementor-widget-container\">\n\t\t\t\t\t<h6 class=\"elementor-heading-title elementor-size-default\">Ba\u015fat Grup G\u0131da<\/h6>\t\t\t\t<\/div>\n\t\t\t\t<\/div>\n\t\t\t\t<div class=\"elementor-element elementor-element-6de139f5 elementor-widget elementor-widget-heading\" data-id=\"6de139f5\" data-element_type=\"widget\" data-widget_type=\"heading.default\">\n\t\t\t\t<div class=\"elementor-widget-container\">\n\t\t\t\t\t<h2 class=\"elementor-heading-title elementor-size-default\">Tarih\u00e7emiz<\/h2>\t\t\t\t<\/div>\n\t\t\t\t<\/div>\n\t\t\t\t<div class=\"elementor-element elementor-element-7cc4330f elementor-widget elementor-widget-text-editor\" data-id=\"7cc4330f\" data-element_type=\"widget\" data-widget_type=\"text-editor.default\">\n\t\t\t\t<div class=\"elementor-widget-container\">\n\t\t\t\t\t\t\t\t\t<p>Ba\u015fat Grup G\u0131da D\u0131\u015f Ticaret Ltd. \u015eti. olarak, T\u00fcrkiye\u2019ye lezzeti ve do\u011fall\u0131\u011f\u0131 bir arada sunman\u0131n, uzun y\u0131llar s\u00fcren deneyim, yat\u0131r\u0131m ve dinamik bir ekip gerektirdi\u011finin fark\u0131nday\u0131z.<\/p><p>2007 y\u0131l\u0131nda kuruldu\u011fumuz g\u00fcnden bu yana, kaliteli ve sa\u011fl\u0131kl\u0131 beyaz et \u00fcr\u00fcnleri sunma misyonuyla ilerliyoruz. Bu s\u00fcre\u00e7te, sekt\u00f6r\u00fcm\u00fczdeki geli\u015fmeleri s\u00fcrekli takip ederek m\u00fc\u015fteri taleplerine en h\u0131zl\u0131 \u015fekilde yan\u0131t veriyoruz.<\/p>\t\t\t\t\t\t\t\t<\/div>\n\t\t\t\t<\/div>\n\t\t\t\t<div class=\"elementor-element elementor-element-a914131 elementor-widget elementor-widget-button\" data-id=\"a914131\" data-element_type=\"widget\" data-widget_type=\"button.default\">\n\t\t\t\t<div class=\"elementor-widget-container\">\n\t\t\t\t\t\t\t\t\t<div class=\"elementor-button-wrapper\">\n\t\t\t\t\t<a class=\"elementor-button elementor-button-link elementor-size-sm\" href=\"#\">\n\t\t\t\t\t\t<span class=\"elementor-button-content-wrapper\">\n\t\t\t\t\t\t\t\t\t<span class=\"elementor-button-text\">Devam\u0131n\u0131 Oku<\/span>\n\t\t\t\t\t<\/span>\n\t\t\t\t\t<\/a>\n\t\t\t\t<\/div>\n\t\t\t\t\t\t\t\t<\/div>\n\t\t\t\t<\/div>\n\t\t\t\t<\/div>\n\t\t<div class=\"elementor-element elementor-element-62d721a e-con-full e-flex e-con e-child\" data-id=\"62d721a\" data-element_type=\"container\" data-settings=\"{&quot;background_background&quot;:&quot;classic&quot;}\">\n\t\t\t\t<\/div>\n\t\t\t\t\t<\/div>\n\t\t\t\t<\/div>\n\t\t<div class=\"elementor-element elementor-element-6dd5f355 e-flex e-con-boxed e-con e-parent\" data-id=\"6dd5f355\" data-element_type=\"container\" data-settings=\"{&quot;background_background&quot;:&quot;classic&quot;}\">\n\t\t\t\t\t<div class=\"e-con-inner\">\n\t\t<div class=\"elementor-element elementor-element-4ddc38b7 e-flex e-con-boxed e-con e-child\" data-id=\"4ddc38b7\" data-element_type=\"container\">\n\t\t\t\t\t<div class=\"e-con-inner\">\n\t\t\t\t<div class=\"elementor-element elementor-element-74ad61f3 elementor-widget elementor-widget-heading\" data-id=\"74ad61f3\" data-element_type=\"widget\" data-widget_type=\"heading.default\">\n\t\t\t\t<div class=\"elementor-widget-container\">\n\t\t\t\t\t<h6 class=\"elementor-heading-title elementor-size-default\">\u00dcr\u00fcnlerimiz<\/h6>\t\t\t\t<\/div>\n\t\t\t\t<\/div>\n\t\t\t\t<div class=\"elementor-element elementor-element-41153844 elementor-widget elementor-widget-heading\" data-id=\"41153844\" data-element_type=\"widget\" data-widget_type=\"heading.default\">\n\t\t\t\t<div class=\"elementor-widget-container\">\n\t\t\t\t\t<h2 class=\"elementor-heading-title elementor-size-default\">\u00c7i\u011f &amp; \u0130leri \u0130\u015flenmi\u015f \u00dcr\u00fcn \u00c7e\u015fitlerimiz<\/h2>\t\t\t\t<\/div>\n\t\t\t\t<\/div>\n\t\t\t\t\t<\/div>\n\t\t\t\t<\/div>\n\t\t<div class=\"elementor-element elementor-element-383d5266 e-con-full e-flex e-con e-child\" data-id=\"383d5266\" data-element_type=\"container\">\n\t\t<a class=\"elementor-element elementor-element-5de47865 e-con-full e-flex e-con e-child\" data-id=\"5de47865\" data-element_type=\"container\" data-settings=\"{&quot;background_background&quot;:&quot;classic&quot;}\" href=\"https:\/\/demo.webcodeon.com.tr\/basat\/urun\/\">\n\t\t\t\t<div class=\"elementor-element elementor-element-f2a5041 elementor-widget elementor-widget-spacer\" data-id=\"f2a5041\" data-element_type=\"widget\" data-widget_type=\"spacer.default\">\n\t\t\t\t<div class=\"elementor-widget-container\">\n\t\t\t\t\t\t\t<div class=\"elementor-spacer\">\n\t\t\t<div class=\"elementor-spacer-inner\"><\/div>\n\t\t<\/div>\n\t\t\t\t\t\t<\/div>\n\t\t\t\t<\/div>\n\t\t\t\t<div class=\"elementor-element elementor-element-a414a69 elementor-widget elementor-widget-heading\" data-id=\"a414a69\" data-element_type=\"widget\" data-widget_type=\"heading.default\">\n\t\t\t\t<div class=\"elementor-widget-container\">\n\t\t\t\t\t<span class=\"elementor-heading-title elementor-size-default\">B\u00fct\u00fcn Pili\u00e7<\/span>\t\t\t\t<\/div>\n\t\t\t\t<\/div>\n\t\t\t\t<\/a>\n\t\t<a class=\"elementor-element elementor-element-495e175d e-con-full e-flex e-con e-child\" data-id=\"495e175d\" data-element_type=\"container\" data-settings=\"{&quot;background_background&quot;:&quot;classic&quot;}\" href=\"#\">\n\t\t\t\t<div class=\"elementor-element elementor-element-a1dce97 elementor-widget elementor-widget-spacer\" data-id=\"a1dce97\" data-element_type=\"widget\" data-widget_type=\"spacer.default\">\n\t\t\t\t<div class=\"elementor-widget-container\">\n\t\t\t\t\t\t\t<div class=\"elementor-spacer\">\n\t\t\t<div class=\"elementor-spacer-inner\"><\/div>\n\t\t<\/div>\n\t\t\t\t\t\t<\/div>\n\t\t\t\t<\/div>\n\t\t\t\t<div class=\"elementor-element elementor-element-06b7e6d elementor-widget elementor-widget-heading\" data-id=\"06b7e6d\" data-element_type=\"widget\" data-widget_type=\"heading.default\">\n\t\t\t\t<div class=\"elementor-widget-container\">\n\t\t\t\t\t<span class=\"elementor-heading-title elementor-size-default\">Kanat<\/span>\t\t\t\t<\/div>\n\t\t\t\t<\/div>\n\t\t\t\t<\/a>\n\t\t<a class=\"elementor-element elementor-element-4f0c81fc e-con-full e-flex e-con e-child\" data-id=\"4f0c81fc\" data-element_type=\"container\" data-settings=\"{&quot;background_background&quot;:&quot;classic&quot;}\" href=\"#\">\n\t\t\t\t<div class=\"elementor-element elementor-element-fc1b406 elementor-widget elementor-widget-spacer\" data-id=\"fc1b406\" data-element_type=\"widget\" data-widget_type=\"spacer.default\">\n\t\t\t\t<div class=\"elementor-widget-container\">\n\t\t\t\t\t\t\t<div class=\"elementor-spacer\">\n\t\t\t<div class=\"elementor-spacer-inner\"><\/div>\n\t\t<\/div>\n\t\t\t\t\t\t<\/div>\n\t\t\t\t<\/div>\n\t\t\t\t<div class=\"elementor-element elementor-element-d901699 elementor-widget elementor-widget-heading\" data-id=\"d901699\" data-element_type=\"widget\" data-widget_type=\"heading.default\">\n\t\t\t\t<div class=\"elementor-widget-container\">\n\t\t\t\t\t<span class=\"elementor-heading-title elementor-size-default\">But<\/span>\t\t\t\t<\/div>\n\t\t\t\t<\/div>\n\t\t\t\t<\/a>\n\t\t\t\t<\/div>\n\t\t\t\t\t<\/div>\n\t\t\t\t<\/div>\n\t\t<div class=\"elementor-element elementor-element-8c6b332 e-flex e-con-boxed e-con e-parent\" data-id=\"8c6b332\" data-element_type=\"container\" data-settings=\"{&quot;background_background&quot;:&quot;classic&quot;}\">\n\t\t\t\t\t<div class=\"e-con-inner\">\n\t\t<div class=\"elementor-element elementor-element-28e9ec8 e-con-full e-flex e-con e-child\" data-id=\"28e9ec8\" data-element_type=\"container\">\n\t\t<a class=\"elementor-element elementor-element-792ada6 e-con-full e-flex e-con e-child\" data-id=\"792ada6\" data-element_type=\"container\" data-settings=\"{&quot;background_background&quot;:&quot;classic&quot;}\" href=\"#\">\n\t\t\t\t<div class=\"elementor-element elementor-element-baddd88 elementor-widget elementor-widget-spacer\" data-id=\"baddd88\" data-element_type=\"widget\" data-widget_type=\"spacer.default\">\n\t\t\t\t<div class=\"elementor-widget-container\">\n\t\t\t\t\t\t\t<div class=\"elementor-spacer\">\n\t\t\t<div class=\"elementor-spacer-inner\"><\/div>\n\t\t<\/div>\n\t\t\t\t\t\t<\/div>\n\t\t\t\t<\/div>\n\t\t\t\t<div class=\"elementor-element elementor-element-f48c449 elementor-widget elementor-widget-heading\" data-id=\"f48c449\" data-element_type=\"widget\" data-widget_type=\"heading.default\">\n\t\t\t\t<div class=\"elementor-widget-container\">\n\t\t\t\t\t<span class=\"elementor-heading-title elementor-size-default\">\u00d6rdek<\/span>\t\t\t\t<\/div>\n\t\t\t\t<\/div>\n\t\t\t\t<\/a>\n\t\t<a class=\"elementor-element elementor-element-9395942 e-con-full e-flex e-con e-child\" data-id=\"9395942\" data-element_type=\"container\" data-settings=\"{&quot;background_background&quot;:&quot;classic&quot;}\" href=\"#\">\n\t\t\t\t<div class=\"elementor-element elementor-element-18286b6 elementor-widget elementor-widget-spacer\" data-id=\"18286b6\" data-element_type=\"widget\" data-widget_type=\"spacer.default\">\n\t\t\t\t<div class=\"elementor-widget-container\">\n\t\t\t\t\t\t\t<div class=\"elementor-spacer\">\n\t\t\t<div class=\"elementor-spacer-inner\"><\/div>\n\t\t<\/div>\n\t\t\t\t\t\t<\/div>\n\t\t\t\t<\/div>\n\t\t\t\t<div class=\"elementor-element elementor-element-3811e35 elementor-widget elementor-widget-heading\" data-id=\"3811e35\" data-element_type=\"widget\" data-widget_type=\"heading.default\">\n\t\t\t\t<div class=\"elementor-widget-container\">\n\t\t\t\t\t<span class=\"elementor-heading-title elementor-size-default\">S\u00fcper Kova<\/span>\t\t\t\t<\/div>\n\t\t\t\t<\/div>\n\t\t\t\t<\/a>\n\t\t<a class=\"elementor-element elementor-element-d1b2646 e-con-full e-flex e-con e-child\" data-id=\"d1b2646\" data-element_type=\"container\" data-settings=\"{&quot;background_background&quot;:&quot;classic&quot;}\" href=\"#\">\n\t\t\t\t<div class=\"elementor-element elementor-element-5d6312e elementor-widget elementor-widget-spacer\" data-id=\"5d6312e\" data-element_type=\"widget\" data-widget_type=\"spacer.default\">\n\t\t\t\t<div class=\"elementor-widget-container\">\n\t\t\t\t\t\t\t<div class=\"elementor-spacer\">\n\t\t\t<div class=\"elementor-spacer-inner\"><\/div>\n\t\t<\/div>\n\t\t\t\t\t\t<\/div>\n\t\t\t\t<\/div>\n\t\t\t\t<div class=\"elementor-element elementor-element-a26fdac elementor-widget elementor-widget-heading\" data-id=\"a26fdac\" data-element_type=\"widget\" data-widget_type=\"heading.default\">\n\t\t\t\t<div class=\"elementor-widget-container\">\n\t\t\t\t\t<span class=\"elementor-heading-title elementor-size-default\">\u0130leri \u0130\u015flenmi\u015f<\/span>\t\t\t\t<\/div>\n\t\t\t\t<\/div>\n\t\t\t\t<\/a>\n\t\t\t\t<\/div>\n\t\t<div class=\"elementor-element elementor-element-f3accd7 e-con-full e-flex e-con e-child\" data-id=\"f3accd7\" data-element_type=\"container\">\n\t\t\t\t<div class=\"elementor-element elementor-element-ec71e52 elementor-align-justify elementor-widget elementor-widget-button\" data-id=\"ec71e52\" data-element_type=\"widget\" data-widget_type=\"button.default\">\n\t\t\t\t<div class=\"elementor-widget-container\">\n\t\t\t\t\t\t\t\t\t<div class=\"elementor-button-wrapper\">\n\t\t\t\t\t<a class=\"elementor-button elementor-button-link elementor-size-sm\" href=\"#\">\n\t\t\t\t\t\t<span class=\"elementor-button-content-wrapper\">\n\t\t\t\t\t\t\t\t\t<span class=\"elementor-button-text\">T\u00fcm \u00dcr\u00fcnler<\/span>\n\t\t\t\t\t<\/span>\n\t\t\t\t\t<\/a>\n\t\t\t\t<\/div>\n\t\t\t\t\t\t\t\t<\/div>\n\t\t\t\t<\/div>\n\t\t\t\t<\/div>\n\t\t\t\t\t<\/div>\n\t\t\t\t<\/div>\n\t\t<div class=\"elementor-element elementor-element-9730781 e-flex e-con-boxed e-con e-parent\" data-id=\"9730781\" data-element_type=\"container\">\n\t\t\t\t\t<div class=\"e-con-inner\">\n\t\t<div class=\"elementor-element elementor-element-4e4937c9 e-con-full e-flex e-con e-child\" data-id=\"4e4937c9\" data-element_type=\"container\">\n\t\t\t\t<div class=\"elementor-element elementor-element-59b83458 elementor-widget elementor-widget-heading\" data-id=\"59b83458\" data-element_type=\"widget\" data-widget_type=\"heading.default\">\n\t\t\t\t<div class=\"elementor-widget-container\">\n\t\t\t\t\t<h6 class=\"elementor-heading-title elementor-size-default\">E-Katalog<\/h6>\t\t\t\t<\/div>\n\t\t\t\t<\/div>\n\t\t\t\t<div class=\"elementor-element elementor-element-5b0915c0 elementor-widget elementor-widget-heading\" data-id=\"5b0915c0\" data-element_type=\"widget\" data-widget_type=\"heading.default\">\n\t\t\t\t<div class=\"elementor-widget-container\">\n\t\t\t\t\t<h2 class=\"elementor-heading-title elementor-size-default\">\u00c7i\u011f &amp; \u0130leri \u0130\u015flenmi\u015f \u00dcr\u00fcn Kataloglar\u0131m\u0131z<\/h2>\t\t\t\t<\/div>\n\t\t\t\t<\/div>\n\t\t\t\t<\/div>\n\t\t<div class=\"elementor-element elementor-element-4851ba1 e-con-full e-flex e-con e-child\" data-id=\"4851ba1\" data-element_type=\"container\">\n\t\t\t\t<div class=\"elementor-element elementor-element-1e3127d elementor-widget elementor-widget-image\" data-id=\"1e3127d\" data-element_type=\"widget\" data-widget_type=\"image.default\">\n\t\t\t\t<div class=\"elementor-widget-container\">\n\t\t\t\t\t\t\t\t\t\t\t\t\t\t\t\t<a href=\"https:\/\/demo.webcodeon.com.tr\/basat\/wp-content\/uploads\/2024\/12\/katalog-basat-arka-kapak.png\" data-elementor-open-lightbox=\"yes\" data-elementor-lightbox-title=\"katalog-basat-arka-kapak\" data-e-action-hash=\"#elementor-action%3Aaction%3Dlightbox%26settings%3DeyJpZCI6MTMwNywidXJsIjoiaHR0cHM6XC9cL2RlbW8ud2ViY29kZW9uLmNvbS50clwvYmFzYXRcL3dwLWNvbnRlbnRcL3VwbG9hZHNcLzIwMjRcLzEyXC9rYXRhbG9nLWJhc2F0LWFya2Eta2FwYWsucG5nIn0%3D\">\n\t\t\t\t\t\t\t<img fetchpriority=\"high\" decoding=\"async\" width=\"2480\" height=\"2953\" src=\"https:\/\/demo.webcodeon.com.tr\/basat\/wp-content\/uploads\/2024\/12\/katalog-basat-arka-kapak.png\" class=\"attachment-full size-full wp-image-1307\" alt=\"\" srcset=\"https:\/\/demo.webcodeon.com.tr\/basat\/wp-content\/uploads\/2024\/12\/katalog-basat-arka-kapak.png 2480w, https:\/\/demo.webcodeon.com.tr\/basat\/wp-content\/uploads\/2024\/12\/katalog-basat-arka-kapak-252x300.png 252w, https:\/\/demo.webcodeon.com.tr\/basat\/wp-content\/uploads\/2024\/12\/katalog-basat-arka-kapak-860x1024.png 860w, https:\/\/demo.webcodeon.com.tr\/basat\/wp-content\/uploads\/2024\/12\/katalog-basat-arka-kapak-768x914.png 768w, https:\/\/demo.webcodeon.com.tr\/basat\/wp-content\/uploads\/2024\/12\/katalog-basat-arka-kapak-1290x1536.png 1290w, https:\/\/demo.webcodeon.com.tr\/basat\/wp-content\/uploads\/2024\/12\/katalog-basat-arka-kapak-1720x2048.png 1720w\" sizes=\"(max-width: 2480px) 100vw, 2480px\" \/>\t\t\t\t\t\t\t\t<\/a>\n\t\t\t\t\t\t\t\t\t\t\t\t\t\t\t<\/div>\n\t\t\t\t<\/div>\n\t\t\t\t<div class=\"elementor-element elementor-element-a839047 elementor-widget elementor-widget-heading\" data-id=\"a839047\" data-element_type=\"widget\" data-widget_type=\"heading.default\">\n\t\t\t\t<div class=\"elementor-widget-container\">\n\t\t\t\t\t<h2 class=\"elementor-heading-title elementor-size-default\"> \u00c7i\u011f \u00dcr\u00fcnler <\/h2>\t\t\t\t<\/div>\n\t\t\t\t<\/div>\n\t\t\t\t<\/div>\n\t\t<div class=\"elementor-element elementor-element-216705d5 e-con-full e-flex e-con e-child\" data-id=\"216705d5\" data-element_type=\"container\">\n\t\t\t\t<div class=\"elementor-element elementor-element-545fbd3 elementor-widget elementor-widget-image\" data-id=\"545fbd3\" data-element_type=\"widget\" data-widget_type=\"image.default\">\n\t\t\t\t<div class=\"elementor-widget-container\">\n\t\t\t\t\t\t\t\t\t\t\t\t\t\t\t\t<a href=\"https:\/\/demo.webcodeon.com.tr\/basat\/wp-content\/uploads\/2024\/12\/katalog-on-kapak.png\" data-elementor-open-lightbox=\"yes\" data-elementor-lightbox-title=\"katalog-on-kapak\" data-e-action-hash=\"#elementor-action%3Aaction%3Dlightbox%26settings%3DeyJpZCI6MTMwOCwidXJsIjoiaHR0cHM6XC9cL2RlbW8ud2ViY29kZW9uLmNvbS50clwvYmFzYXRcL3dwLWNvbnRlbnRcL3VwbG9hZHNcLzIwMjRcLzEyXC9rYXRhbG9nLW9uLWthcGFrLnBuZyJ9\">\n\t\t\t\t\t\t\t<img decoding=\"async\" width=\"2480\" height=\"2953\" src=\"https:\/\/demo.webcodeon.com.tr\/basat\/wp-content\/uploads\/2024\/12\/katalog-on-kapak.png\" class=\"attachment-full size-full wp-image-1308\" alt=\"\" srcset=\"https:\/\/demo.webcodeon.com.tr\/basat\/wp-content\/uploads\/2024\/12\/katalog-on-kapak.png 2480w, https:\/\/demo.webcodeon.com.tr\/basat\/wp-content\/uploads\/2024\/12\/katalog-on-kapak-252x300.png 252w, https:\/\/demo.webcodeon.com.tr\/basat\/wp-content\/uploads\/2024\/12\/katalog-on-kapak-860x1024.png 860w, https:\/\/demo.webcodeon.com.tr\/basat\/wp-content\/uploads\/2024\/12\/katalog-on-kapak-768x914.png 768w, https:\/\/demo.webcodeon.com.tr\/basat\/wp-content\/uploads\/2024\/12\/katalog-on-kapak-1290x1536.png 1290w, https:\/\/demo.webcodeon.com.tr\/basat\/wp-content\/uploads\/2024\/12\/katalog-on-kapak-1720x2048.png 1720w\" sizes=\"(max-width: 2480px) 100vw, 2480px\" \/>\t\t\t\t\t\t\t\t<\/a>\n\t\t\t\t\t\t\t\t\t\t\t\t\t\t\t<\/div>\n\t\t\t\t<\/div>\n\t\t\t\t<div class=\"elementor-element elementor-element-9719c4a elementor-widget elementor-widget-heading\" data-id=\"9719c4a\" data-element_type=\"widget\" data-widget_type=\"heading.default\">\n\t\t\t\t<div class=\"elementor-widget-container\">\n\t\t\t\t\t<h2 class=\"elementor-heading-title elementor-size-default\">\u0130leri \u0130\u015flenmi\u015f \u00dcr\u00fcnler<\/h2>\t\t\t\t<\/div>\n\t\t\t\t<\/div>\n\t\t\t\t<\/div>\n\t\t\t\t\t<\/div>\n\t\t\t\t<\/div>\n\t\t\t\t<\/div>\n\t\t","protected":false},"excerpt":{"rendered":"<p>Ba\u015fat Grup G\u0131da Tarih\u00e7emiz Ba\u015fat Grup G\u0131da D\u0131\u015f Ticaret Ltd. \u015eti. olarak, T\u00fcrkiye\u2019ye lezzeti ve do\u011fall\u0131\u011f\u0131 bir arada sunman\u0131n, uzun y\u0131llar s\u00fcren deneyim, yat\u0131r\u0131m ve dinamik bir ekip gerektirdi\u011finin fark\u0131nday\u0131z. 2007 y\u0131l\u0131nda kuruldu\u011fumuz g\u00fcnden bu yana, kaliteli ve sa\u011fl\u0131kl\u0131 beyaz et \u00fcr\u00fcnleri sunma misyonuyla ilerliyoruz. Bu s\u00fcre\u00e7te, sekt\u00f6r\u00fcm\u00fczdeki geli\u015fmeleri s\u00fcrekli takip ederek m\u00fc\u015fteri taleplerine en [&hellip;]<\/p>\n","protected":false},"author":1,"featured_media":0,"parent":0,"menu_order":0,"comment_status":"closed","ping_status":"closed","template":"elementor_header_footer","meta":{"_acf_changed":false,"footnotes":""},"class_list":["post-2","page","type-page","status-publish","hentry"],"acf":[],"_links":{"self":[{"href":"https:\/\/demo.webcodeon.com.tr\/basat\/wp-json\/wp\/v2\/pages\/2","targetHints":{"allow":["GET"]}}],"collection":[{"href":"https:\/\/demo.webcodeon.com.tr\/basat\/wp-json\/wp\/v2\/pages"}],"about":[{"href":"https:\/\/demo.webcodeon.com.tr\/basat\/wp-json\/wp\/v2\/types\/page"}],"author":[{"embeddable":true,"href":"https:\/\/demo.webcodeon.com.tr\/basat\/wp-json\/wp\/v2\/users\/1"}],"replies":[{"embeddable":true,"href":"https:\/\/demo.webcodeon.com.tr\/basat\/wp-json\/wp\/v2\/comments?post=2"}],"version-history":[{"count":646,"href":"https:\/\/demo.webcodeon.com.tr\/basat\/wp-json\/wp\/v2\/pages\/2\/revisions"}],"predecessor-version":[{"id":1311,"href":"https:\/\/demo.webcodeon.com.tr\/basat\/wp-json\/wp\/v2\/pages\/2\/revisions\/1311"}],"wp:attachment":[{"href":"https:\/\/demo.webcodeon.com.tr\/basat\/wp-json\/wp\/v2\/media?parent=2"}],"curies":[{"name":"wp","href":"https:\/\/api.w.org\/{rel}","templated":true}]}}